{"id":538,"date":"2021-07-23T10:09:05","date_gmt":"2021-07-23T09:09:05","guid":{"rendered":"https:\/\/grotto.pl\/?page_id=538"},"modified":"2025-11-09T10:04:44","modified_gmt":"2025-11-09T10:04:44","slug":"o-nas","status":"publish","type":"page","link":"https:\/\/grotto.pl\/index.php\/o-nas\/","title":{"rendered":"O nas"},"content":{"rendered":"\t\t<div data-elementor-type=\"wp-page\" data-elementor-id=\"538\" class=\"elementor elementor-538\">\n\t\t\t\t\t\t<section class=\"elementor-section elementor-top-section elementor-element elementor-element-fd61707 elementor-section-boxed elementor-section-height-default elementor-section-height-default\" data-id=\"fd61707\" data-element_type=\"section\" data-e-type=\"section\">\n\t\t\t\t\t\t<div class=\"elementor-container elementor-column-gap-default\">\n\t\t\t\t\t<div class=\"elementor-column elementor-col-100 elementor-top-column elementor-element elementor-element-43c52539\" data-id=\"43c52539\" data-element_type=\"column\" data-e-type=\"column\">\n\t\t\t<div class=\"elementor-widget-wrap\">\n\t\t\t\t\t\t\t<\/div>\n\t\t<\/div>\n\t\t\t\t\t<\/div>\n\t\t<\/section>\n\t\t\t\t<section class=\"elementor-section elementor-top-section elementor-element elementor-element-90f5ce0 elementor-section-boxed elementor-section-height-default elementor-section-height-default\" data-id=\"90f5ce0\" data-element_type=\"section\" data-e-type=\"section\">\n\t\t\t\t\t\t<div class=\"elementor-container elementor-column-gap-default\">\n\t\t\t\t\t<div class=\"elementor-column elementor-col-100 elementor-top-column elementor-element elementor-element-8c5bd4e\" data-id=\"8c5bd4e\" data-element_type=\"column\" data-e-type=\"column\">\n\t\t\t<div class=\"elementor-widget-wrap\">\n\t\t\t\t\t\t\t<\/div>\n\t\t<\/div>\n\t\t\t\t\t<\/div>\n\t\t<\/section>\n\t\t\t\t<section class=\"elementor-section elementor-top-section elementor-element elementor-element-50e9ed89 elementor-section-boxed elementor-section-height-default elementor-section-height-default\" data-id=\"50e9ed89\" data-element_type=\"section\" data-e-type=\"section\" id=\"home\" data-settings=\"{&quot;background_background&quot;:&quot;slideshow&quot;,&quot;background_slideshow_transition_duration&quot;:4000,&quot;background_slideshow_ken_burns&quot;:&quot;yes&quot;,&quot;background_slideshow_gallery&quot;:[{&quot;id&quot;:2120,&quot;url&quot;:&quot;https:\\\/\\\/grotto.pl\\\/wp-content\\\/uploads\\\/2024\\\/11\\\/6.jpg&quot;},{&quot;id&quot;:2086,&quot;url&quot;:&quot;https:\\\/\\\/grotto.pl\\\/wp-content\\\/uploads\\\/2024\\\/11\\\/Banner-5-strona-1.jpg&quot;},{&quot;id&quot;:2129,&quot;url&quot;:&quot;https:\\\/\\\/grotto.pl\\\/wp-content\\\/uploads\\\/2024\\\/11\\\/xF87TL4cwoa9bYCQLIRZ__81478feedb034ee1a64d29850546a01d.jpg&quot;},{&quot;id&quot;:2111,&quot;url&quot;:&quot;https:\\\/\\\/grotto.pl\\\/wp-content\\\/uploads\\\/2024\\\/11\\\/1.jpg&quot;},{&quot;id&quot;:2089,&quot;url&quot;:&quot;https:\\\/\\\/grotto.pl\\\/wp-content\\\/uploads\\\/2024\\\/11\\\/Banner-2-strona.jpg&quot;},{&quot;id&quot;:2110,&quot;url&quot;:&quot;https:\\\/\\\/grotto.pl\\\/wp-content\\\/uploads\\\/2024\\\/11\\\/1-bis.jpg&quot;},{&quot;id&quot;:2070,&quot;url&quot;:&quot;https:\\\/\\\/grotto.pl\\\/wp-content\\\/uploads\\\/2024\\\/11\\\/Banner-strona.jpg&quot;},{&quot;id&quot;:2112,&quot;url&quot;:&quot;https:\\\/\\\/grotto.pl\\\/wp-content\\\/uploads\\\/2024\\\/11\\\/2-bis.jpg&quot;},{&quot;id&quot;:2131,&quot;url&quot;:&quot;https:\\\/\\\/grotto.pl\\\/wp-content\\\/uploads\\\/2024\\\/11\\\/531PIYegHGDkTGjLojxk9_bafbb318c4d644bd8a8f626c2fdd4e3e.jpg&quot;},{&quot;id&quot;:2113,&quot;url&quot;:&quot;https:\\\/\\\/grotto.pl\\\/wp-content\\\/uploads\\\/2024\\\/11\\\/2.jpg&quot;},{&quot;id&quot;:2087,&quot;url&quot;:&quot;https:\\\/\\\/grotto.pl\\\/wp-content\\\/uploads\\\/2024\\\/11\\\/Banner-4-strona-1.jpg&quot;},{&quot;id&quot;:2114,&quot;url&quot;:&quot;https:\\\/\\\/grotto.pl\\\/wp-content\\\/uploads\\\/2024\\\/11\\\/3-bis.jpg&quot;},{&quot;id&quot;:2115,&quot;url&quot;:&quot;https:\\\/\\\/grotto.pl\\\/wp-content\\\/uploads\\\/2024\\\/11\\\/3.jpg&quot;},{&quot;id&quot;:2124,&quot;url&quot;:&quot;https:\\\/\\\/grotto.pl\\\/wp-content\\\/uploads\\\/2024\\\/11\\\/uaArAcp2JahV3AhtuXQkQ_fdb9c314db664b59bdcffb7f0305812d.jpg&quot;},{&quot;id&quot;:2116,&quot;url&quot;:&quot;https:\\\/\\\/grotto.pl\\\/wp-content\\\/uploads\\\/2024\\\/11\\\/4-bis.jpg&quot;},{&quot;id&quot;:2127,&quot;url&quot;:&quot;https:\\\/\\\/grotto.pl\\\/wp-content\\\/uploads\\\/2024\\\/11\\\/UWQrevEn87O5r8RpLdELf_f5293b6e7ab84ff48b0fb5fede78f35f.jpg&quot;},{&quot;id&quot;:2117,&quot;url&quot;:&quot;https:\\\/\\\/grotto.pl\\\/wp-content\\\/uploads\\\/2024\\\/11\\\/4.jpg&quot;},{&quot;id&quot;:2118,&quot;url&quot;:&quot;https:\\\/\\\/grotto.pl\\\/wp-content\\\/uploads\\\/2024\\\/11\\\/5-bis.jpg&quot;},{&quot;id&quot;:2132,&quot;url&quot;:&quot;https:\\\/\\\/grotto.pl\\\/wp-content\\\/uploads\\\/2024\\\/11\\\/duqZ9R9glVpXoV_X9UgSA_675719300a0b4404a631ad82a957efe7.jpg&quot;},{&quot;id&quot;:2088,&quot;url&quot;:&quot;https:\\\/\\\/grotto.pl\\\/wp-content\\\/uploads\\\/2024\\\/11\\\/Banner-3-strona.jpg&quot;},{&quot;id&quot;:2133,&quot;url&quot;:&quot;https:\\\/\\\/grotto.pl\\\/wp-content\\\/uploads\\\/2024\\\/11\\\/zRtp47M3r-KYsTSAfgm1Y_bc8ffdea395341338cfeeacfc0493fd3.jpg&quot;},{&quot;id&quot;:2119,&quot;url&quot;:&quot;https:\\\/\\\/grotto.pl\\\/wp-content\\\/uploads\\\/2024\\\/11\\\/5.jpg&quot;},{&quot;id&quot;:2125,&quot;url&quot;:&quot;https:\\\/\\\/grotto.pl\\\/wp-content\\\/uploads\\\/2024\\\/11\\\/z-t-mZ_fNtBsXVNHcd1iE_2df5c7e2f4914afa8628bd2e2e03d556.jpg&quot;},{&quot;id&quot;:2126,&quot;url&quot;:&quot;https:\\\/\\\/grotto.pl\\\/wp-content\\\/uploads\\\/2024\\\/11\\\/ggCQCjEFn27z0CmtBdTZq_77317b92a1504910849c0cea6221a448.jpg&quot;},{&quot;id&quot;:2128,&quot;url&quot;:&quot;https:\\\/\\\/grotto.pl\\\/wp-content\\\/uploads\\\/2024\\\/11\\\/En_eBf9rc31nJcaVwXqfW_f9cdaba77de243ffa40870f40b196767.jpg&quot;},{&quot;id&quot;:2130,&quot;url&quot;:&quot;https:\\\/\\\/grotto.pl\\\/wp-content\\\/uploads\\\/2024\\\/11\\\/pJaxVKOBi01SoG8KyMDun_520b06ff62744e7da17613d1fea2bb88.jpg&quot;},{&quot;id&quot;:2134,&quot;url&quot;:&quot;https:\\\/\\\/grotto.pl\\\/wp-content\\\/uploads\\\/2024\\\/11\\\/2wLh08Sxs5wAfC9889_3q_f811ff86ebdd4e4a90153293fcf7b7d5.jpg&quot;},{&quot;id&quot;:2135,&quot;url&quot;:&quot;https:\\\/\\\/grotto.pl\\\/wp-content\\\/uploads\\\/2024\\\/11\\\/AfbwwAMktiTj1Cb2tjmSR_4f869e9ffdad49c49d57efc3dfa293ef.jpg&quot;}],&quot;background_slideshow_slide_duration&quot;:2000,&quot;background_slideshow_ken_burns_zoom_direction&quot;:&quot;out&quot;,&quot;background_slideshow_loop&quot;:&quot;yes&quot;,&quot;background_slideshow_slide_transition&quot;:&quot;fade&quot;}\">\n\t\t\t\t\t\t<div class=\"elementor-container elementor-column-gap-default\">\n\t\t\t\t\t<div class=\"elementor-column elementor-col-100 elementor-top-column elementor-element elementor-element-1f45e867\" data-id=\"1f45e867\" data-element_type=\"column\" data-e-type=\"column\">\n\t\t\t<div class=\"elementor-widget-wrap\">\n\t\t\t\t\t\t\t<\/div>\n\t\t<\/div>\n\t\t\t\t\t<\/div>\n\t\t<\/section>\n\t\t\t\t<section class=\"elementor-section elementor-top-section elementor-element elementor-element-37df39b elementor-section-boxed elementor-section-height-default elementor-section-height-default\" data-id=\"37df39b\" data-element_type=\"section\" data-e-type=\"section\">\n\t\t\t\t\t\t<div class=\"elementor-container elementor-column-gap-default\">\n\t\t\t\t\t<div class=\"elementor-column elementor-col-100 elementor-top-column elementor-element elementor-element-beb9242\" data-id=\"beb9242\" data-element_type=\"column\" data-e-type=\"column\">\n\t\t\t<div class=\"elementor-widget-wrap elementor-element-populated\">\n\t\t\t\t\t\t<div class=\"elementor-element elementor-element-627a85d0 elementor-widget elementor-widget-text-editor\" data-id=\"627a85d0\" data-element_type=\"widget\" data-e-type=\"widget\" data-widget_type=\"text-editor.default\">\n\t\t\t\t<div class=\"elementor-widget-container\">\n\t\t\t\t\t\t\t\t\t<p><style>\n\/* Sekcja: Angelica & Thomas Grotto *\/<br \/>\n.music-offer {<br \/>\n  max-width: 1000px;<br \/>\n  margin: 40px auto;<br \/>\n  padding: 40px;<br \/>\n  background: linear-gradient(180deg, #111 0%, #000 100%);<br \/>\n  color: #f5f5f5;<br \/>\n  font-family: 'Segoe UI', sans-serif;<br \/>\n  border-radius: 15px;<br \/>\n  box-shadow: 0 0 20px rgba(255, 215, 0, 0.2);<br \/>\n  line-height: 1.8;<br \/>\n}<\/p>\n<p>.music-offer h1 {<br \/>\n  color: #ffd700;<br \/>\n  text-align: center;<br \/>\n  margin-bottom: 30px;<br \/>\n}<\/p>\n<p>.music-offer h2 {<br \/>\n  color: #ffd700;<br \/>\n  margin-top: 20px;<br \/>\n}<\/p>\n<p>.music-offer h3 {<br \/>\n  color: #ffd700;<br \/>\n  margin-top: 25px;<br \/>\n}<\/p>\n<p>.music-offer ol {<br \/>\n  margin-left: 25px;<br \/>\n}<\/p>\n<p>.music-offer hr {<br \/>\n  border: 1px solid rgba(255, 215, 0, 0.3);<br \/>\n  margin: 40px 0;<br \/>\n}<\/p>\n<p>.music-offer img {<br \/>\n  display: block;<br \/>\n  margin: 0 auto 15px;<br \/>\n}<br \/>\n<\/style><\/p><div style=\"max-width: 1000px; margin: 40px auto; padding: 40px; background: linear-gradient(180deg, #111 0%, #000 100%); color: #f5f5f5; font-family: 'Segoe UI', sans-serif; border-radius: 15px; box-shadow: 0 0 20px rgba(255,215,0,0.2); line-height: 1.8;\"><h1 style=\"color: #ffd700; text-align: center; margin-bottom: 30px;\">Nasza Historia<\/h1><p><strong>Angelica i Thomas Grotto<\/strong> to duet, kt\u00f3rego po\u0142\u0105czy\u0142o co\u015b wi\u0119cej ni\u017c muzyka.<br \/>To historia mi\u0142o\u015bci, pasji i wsp\u00f3lnego rytmu \u017cycia \u2013 w\u0142oskiego temperamentu i polskiej wra\u017cliwo\u015bci, kt\u00f3re razem tworz\u0105 wyj\u0105tkow\u0105 harmoni\u0119.<\/p><p><strong>Thomas<\/strong> pochodzi z Bolzano, miasta po\u0142o\u017conego mi\u0119dzy g\u00f3rami i s\u0142o\u0144cem p\u00f3\u0142nocnych W\u0142och. Od zawsze wierzy\u0142, \u017ce muzyka potrafi dotyka\u0107 duszy g\u0142\u0119biej ni\u017c s\u0142owa.<br \/>W Polsce odnalaz\u0142 nie tylko scen\u0119, na kt\u00f3rej m\u00f3g\u0142 \u015bpiewa\u0107, ale tak\u017ce mi\u0142o\u015b\u0107 swojego \u017cycia \u2013 <strong>Angelik\u0119<\/strong>.<\/p><p><strong>Angelica<\/strong> urodzi\u0142a si\u0119 w Polsce. Od dziecka kocha\u0142a \u015bpiew, scen\u0119 i ciep\u0142o drugiego cz\u0142owieka.<br \/>Kiedy\u015b \u015bpiewa\u0142a sama. Dzi\u015b \u015bpiewa razem z Thomsem \u2013 i z ka\u017cdym d\u017awi\u0119kiem wida\u0107, \u017ce s\u0105 dla siebie stworzeni.<br \/>Ich g\u0142osy r\u00f3\u017cne, a jednak idealnie si\u0119 uzupe\u0142niaj\u0105 \u2013 jak dzie\u0144 i noc, jak serce i oddech.<\/p><p>Poznali si\u0119 przypadkiem. On \u015bpiewa\u0142 na scenie, ona s\u0142ucha\u0142a w\u015br\u00f3d publiczno\u015bci.<br \/>Wystarczy\u0142 jeden utw\u00f3r \u2013 \u201eFelicit\u00e0\u201d \u2013 \u017ceby rozpocz\u0119\u0142a si\u0119 ich wsp\u00f3lna podr\u00f3\u017c.<br \/>Od tamtej chwili \u015bpiewaj\u0105 razem \u2013 na scenie i w \u017cyciu.<\/p><p>Dzi\u015b <strong>Angelica i Thomas<\/strong> koncertuj\u0105 w ca\u0142ej Polsce, wyst\u0119puj\u0105 w duecie, dziel\u0105 si\u0119 emocjami i szczero\u015bci\u0105, jakiej publiczno\u015b\u0107 nigdy nie zapomina.<br \/>Ich koncerty to nie tylko wyst\u0119p \u2013 to spotkanie z lud\u017ami, u\u015bmiech, blisko\u015b\u0107 i energia, kt\u00f3r\u0105 mo\u017cna poczu\u0107 nawet po ostatnim akordzie.<\/p><p>Poza scen\u0105 s\u0105 rodzicami \u2013 <strong>Noah<\/strong>, <strong>Scarlette<\/strong> i <strong>Thomasa Juniora<\/strong>.<br \/>To w\u0142a\u015bnie oni przypominaj\u0105 im ka\u017cdego dnia, \u017ce prawdziwe \u017cycie i prawdziwa muzyka maj\u0105 to samo \u017ar\u00f3d\u0142o \u2013 <strong>mi\u0142o\u015b\u0107<\/strong>.<\/p><p style=\"margin-top: 30px; text-align: center; color: #ffd700; font-style: italic;\">\u201eMuzyka jest stenografi\u0105 uczu\u0107.\u201d \u2013 Lew To\u0142stoj<\/p><p style=\"text-align: center; margin-top: 10px;\"><strong>Angelica &amp; Thomas Grotto<\/strong><\/p><p>\u017bycie, kt\u00f3re \u015bpiewa.<\/p><\/div>\t\t\t\t\t\t\t\t<\/div>\n\t\t\t\t<\/div>\n\t\t\t\t\t<\/div>\n\t\t<\/div>\n\t\t\t\t\t<\/div>\n\t\t<\/section>\n\t\t\t\t<section class=\"elementor-section elementor-top-section elementor-element elementor-element-2b6487d elementor-section-boxed elementor-section-height-default elementor-section-height-default\" data-id=\"2b6487d\" data-element_type=\"section\" data-e-type=\"section\">\n\t\t\t\t\t\t<div class=\"elementor-container elementor-column-gap-default\">\n\t\t\t\t\t<div class=\"elementor-column elementor-col-100 elementor-top-column elementor-element elementor-element-cff5605\" data-id=\"cff5605\" data-element_type=\"column\" data-e-type=\"column\">\n\t\t\t<div class=\"elementor-widget-wrap elementor-element-populated\">\n\t\t\t\t\t\t<section class=\"elementor-section elementor-inner-section elementor-element elementor-element-ef1efee elementor-section-boxed elementor-section-height-default elementor-section-height-default\" data-id=\"ef1efee\" data-element_type=\"section\" data-e-type=\"section\">\n\t\t\t\t\t\t<div class=\"elementor-container elementor-column-gap-default\">\n\t\t\t\t\t<div class=\"elementor-column elementor-col-50 elementor-inner-column elementor-element elementor-element-f9ef5ff\" data-id=\"f9ef5ff\" data-element_type=\"column\" data-e-type=\"column\">\n\t\t\t<div class=\"elementor-widget-wrap\">\n\t\t\t\t\t\t\t<\/div>\n\t\t<\/div>\n\t\t\t\t<div class=\"elementor-column elementor-col-50 elementor-inner-column elementor-element elementor-element-137f1c0\" data-id=\"137f1c0\" data-element_type=\"column\" data-e-type=\"column\">\n\t\t\t<div class=\"elementor-widget-wrap\">\n\t\t\t\t\t\t\t<\/div>\n\t\t<\/div>\n\t\t\t\t\t<\/div>\n\t\t<\/section>\n\t\t\t\t\t<\/div>\n\t\t<\/div>\n\t\t\t\t\t<\/div>\n\t\t<\/section>\n\t\t\t\t<section class=\"elementor-section elementor-top-section elementor-element elementor-element-f735517 elementor-section-boxed elementor-section-height-default elementor-section-height-default\" data-id=\"f735517\" data-element_type=\"section\" data-e-type=\"section\">\n\t\t\t\t\t\t<div class=\"elementor-container elementor-column-gap-default\">\n\t\t\t\t\t<div class=\"elementor-column elementor-col-100 elementor-top-column elementor-element elementor-element-9fd5d83\" data-id=\"9fd5d83\" data-element_type=\"column\" data-e-type=\"column\">\n\t\t\t<div class=\"elementor-widget-wrap elementor-element-populated\">\n\t\t\t\t\t\t<div class=\"elementor-element elementor-element-5785cda elementor-widget elementor-widget-heading\" data-id=\"5785cda\" data-element_type=\"widget\" data-e-type=\"widget\" data-widget_type=\"heading.default\">\n\t\t\t\t<div class=\"elementor-widget-container\">\n\t\t\t\t\t<h2 class=\"elementor-heading-title elementor-size-default\">Add Your Heading Text Here<\/h2>\t\t\t\t<\/div>\n\t\t\t\t<\/div>\n\t\t\t\t\t<\/div>\n\t\t<\/div>\n\t\t\t\t\t<\/div>\n\t\t<\/section>\n\t\t\t\t<\/div>\n\t\t","protected":false},"excerpt":{"rendered":"<p>Nasza Historia Angelica i Thomas Grotto to duet, kt\u00f3rego po\u0142\u0105czy\u0142o co\u015b wi\u0119cej ni\u017c muzyka.To historia mi\u0142o\u015bci, pasji i wsp\u00f3lnego rytmu \u017cycia \u2013 w\u0142oskiego temperamentu i polskiej wra\u017cliwo\u015bci, kt\u00f3re razem tworz\u0105 wyj\u0105tkow\u0105 harmoni\u0119. Thomas pochodzi z Bolzano, miasta po\u0142o\u017conego mi\u0119dzy g\u00f3rami i s\u0142o\u0144cem p\u00f3\u0142nocnych W\u0142och. Od zawsze wierzy\u0142, \u017ce muzyka potrafi dotyka\u0107 duszy g\u0142\u0119biej ni\u017c s\u0142owa.W [&hellip;]<\/p>\n","protected":false},"author":1,"featured_media":0,"parent":0,"menu_order":0,"comment_status":"closed","ping_status":"closed","template":"","meta":{"site-sidebar-layout":"no-sidebar","site-content-layout":"page-builder","ast-site-content-layout":"full-width-container","site-content-style":"unboxed","site-sidebar-style":"unboxed","ast-global-header-display":"","ast-banner-title-visibility":"","ast-main-header-display":"","ast-hfb-above-header-display":"","ast-hfb-below-header-display":"","ast-hfb-mobile-header-display":"","site-post-title":"","ast-breadcrumbs-content":"","ast-featured-img":"disabled","footer-sml-layout":"","ast-disable-related-posts":"","theme-transparent-header-meta":"default","adv-header-id-meta":"","stick-header-meta":"","header-above-stick-meta":"","header-main-stick-meta":"","header-below-stick-meta":"","astra-migrate-meta-layouts":"set","ast-page-background-enabled":"default","ast-page-background-meta":{"desktop":{"background-color":"var(--ast-global-color-4)","background-image":"","background-repeat":"repeat","background-position":"center center","background-size":"auto","background-attachment":"scroll","background-type":"","background-media":"","overlay-type":"","overlay-color":"","overlay-opacity":"","overlay-gradient":""},"tablet":{"background-color":"","background-image":"","background-repeat":"repeat","background-position":"center center","background-size":"auto","background-attachment":"scroll","background-type":"","background-media":"","overlay-type":"","overlay-color":"","overlay-opacity":"","overlay-gradient":""},"mobile":{"background-color":"","background-image":"","background-repeat":"repeat","background-position":"center center","background-size":"auto","background-attachment":"scroll","background-type":"","background-media":"","overlay-type":"","overlay-color":"","overlay-opacity":"","overlay-gradient":""}},"ast-content-background-meta":{"desktop":{"background-color":"var(--ast-global-color-5)","background-image":"","background-repeat":"repeat","background-position":"center center","background-size":"auto","background-attachment":"scroll","background-type":"","background-media":"","overlay-type":"","overlay-color":"","overlay-opacity":"","overlay-gradient":""},"tablet":{"background-color":"var(--ast-global-color-5)","background-image":"","background-repeat":"repeat","background-position":"center center","background-size":"auto","background-attachment":"scroll","background-type":"","background-media":"","overlay-type":"","overlay-color":"","overlay-opacity":"","overlay-gradient":""},"mobile":{"background-color":"var(--ast-global-color-5)","background-image":"","background-repeat":"repeat","background-position":"center center","background-size":"auto","background-attachment":"scroll","background-type":"","background-media":"","overlay-type":"","overlay-color":"","overlay-opacity":"","overlay-gradient":""}},"footnotes":""},"class_list":["post-538","page","type-page","status-publish","hentry"],"aioseo_notices":[],"_links":{"self":[{"href":"https:\/\/grotto.pl\/index.php\/wp-json\/wp\/v2\/pages\/538","targetHints":{"allow":["GET"]}}],"collection":[{"href":"https:\/\/grotto.pl\/index.php\/wp-json\/wp\/v2\/pages"}],"about":[{"href":"https:\/\/grotto.pl\/index.php\/wp-json\/wp\/v2\/types\/page"}],"author":[{"embeddable":true,"href":"https:\/\/grotto.pl\/index.php\/wp-json\/wp\/v2\/users\/1"}],"replies":[{"embeddable":true,"href":"https:\/\/grotto.pl\/index.php\/wp-json\/wp\/v2\/comments?post=538"}],"version-history":[{"count":189,"href":"https:\/\/grotto.pl\/index.php\/wp-json\/wp\/v2\/pages\/538\/revisions"}],"predecessor-version":[{"id":2347,"href":"https:\/\/grotto.pl\/index.php\/wp-json\/wp\/v2\/pages\/538\/revisions\/2347"}],"wp:attachment":[{"href":"https:\/\/grotto.pl\/index.php\/wp-json\/wp\/v2\/media?parent=538"}],"curies":[{"name":"wp","href":"https:\/\/api.w.org\/{rel}","templated":true}]}}